            {"id":2847,"date":"2022-11-30T17:01:34","date_gmt":"2022-11-30T16:01:34","guid":{"rendered":"https:\/\/polyrotogroup.com\/novdemo\/?post_type=product&#038;p=2847"},"modified":"2023-02-27T16:19:40","modified_gmt":"2023-02-27T15:19:40","slug":"septa","status":"publish","type":"product","link":"https:\/\/polyrotogroup.com\/en\/product\/septa\/","title":{"rendered":"Septa"},"content":{"rendered":"<p>Un kayak sit-on-top tr\u00e8s polyvalent et confortable pour les moyens et grands gabarits :\u00a0 bateau directeur, parfait pour les randonn\u00e9es en mer et en lac. Facile \u00e0 transporter et \u00e0 ranger.<\/p>\n<p><span class=\"acc-poly\"><strong>Standards Colours<\/strong> <\/span><\/p>\n<ul>\n<li>Flame (Red and Yellow)<\/li>\n<li>Citrus (Green and Yellow)<\/li>\n<li>Navy (Blue and white)<\/li>\n<li>Electro (Turquoise and Black)<\/li>\n<li>Diabolo (Red and Black)<\/li>\n<\/ul>\n<p>Other colours: : according to quantity<\/p>\n<p><span class=\"acc-poly\"><strong>References :<\/strong><\/span><\/p>\n<ul>\n<li>NASE.FLST.P1<\/li>\n<li>NASE.CIST.P1<\/li>\n<li>NASE.MAST.P1<\/li>\n<li>NASE.ELST.P1<\/li>\n<li>NASE.DBST.P1<\/li>\n<\/ul>\n<p><span class=\"acc-poly\"><strong>Dimensions, weight and Capacity :<\/strong><\/span><\/p>\n<table class=\"tabe-polyroto\" border=\"1\" width=\"545\" cellspacing=\"0\" cellpadding=\"0\">\n<tbody>\n<tr>\n<td class=\"td-table-poly\">Length<br \/>\n(in m)<\/td>\n<td class=\"td-table-poly\">Width<br \/>\n(in cm)<\/td>\n<td class=\"td-table-poly\">Height<br \/>\n(in cm)<\/td>\n<td class=\"td-table-poly\">Weight<br \/>\n(en Kg)<\/td>\n<td class=\"td-table-poly\">Capacity<br \/>\n(en Kg)<\/td>\n<\/tr>\n<tr>\n<td class=\"td-table-poly\">4.10<\/td>\n<td class=\"td-table-poly\">70<\/td>\n<td class=\"td-table-poly\">34<\/td>\n<td class=\"td-table-poly\">31.5<\/td>\n<td class=\"td-table-poly\">130<\/td>\n<\/tr>\n<\/tbody>\n<\/table>\n<p><span class=\"acc-poly\"><strong>Optional accessories :<\/strong> <\/span>Paddle, seat, lifejacket, tank.<\/p>\n<p><span class=\"acc-poly\"><strong>Optional fittings:<\/strong> <span class=\"siege-poly\">round hatch<\/span><\/span><\/p>\n<p>&nbsp;<\/p>","protected":false},"excerpt":{"rendered":"<p><strong>R\u00e9f\u00e9rences : NASE.XXST.P1<\/strong><\/p>","protected":false},"featured_media":2848,"comment_status":"closed","ping_status":"closed","template":"","meta":{"_monsterinsights_skip_tracking":false,"_monsterinsights_sitenote_active":false,"_monsterinsights_sitenote_note":"","_monsterinsights_sitenote_category":0},"product_cat":[95,94,47],"product_tag":[],"class_list":{"0":"post-2847","1":"product","2":"type-product","3":"status-publish","4":"has-post-thumbnail","6":"product_cat-1-place","7":"product_cat-sit-on-top","8":"product_cat-nautisme","10":"first","11":"instock","12":"shipping-taxable","13":"product-type-simple"},"aioseo_notices":[],"_links":{"self":[{"href":"https:\/\/polyrotogroup.com\/en\/wp-json\/wp\/v2\/product\/2847","targetHints":{"allow":["GET"]}}],"collection":[{"href":"https:\/\/polyrotogroup.com\/en\/wp-json\/wp\/v2\/product"}],"about":[{"href":"https:\/\/polyrotogroup.com\/en\/wp-json\/wp\/v2\/types\/product"}],"replies":[{"embeddable":true,"href":"https:\/\/polyrotogroup.com\/en\/wp-json\/wp\/v2\/comments?post=2847"}],"wp:featuredmedia":[{"embeddable":true,"href":"https:\/\/polyrotogroup.com\/en\/wp-json\/wp\/v2\/media\/2848"}],"wp:attachment":[{"href":"https:\/\/polyrotogroup.com\/en\/wp-json\/wp\/v2\/media?parent=2847"}],"wp:term":[{"taxonomy":"product_cat","embeddable":true,"href":"https:\/\/polyrotogroup.com\/en\/wp-json\/wp\/v2\/product_cat?post=2847"},{"taxonomy":"product_tag","embeddable":true,"href":"https:\/\/polyrotogroup.com\/en\/wp-json\/wp\/v2\/product_tag?post=2847"}],"curies":[{"name":"wp","href":"https:\/\/api.w.org\/{rel}","templated":true}]}}