            {"id":2794,"date":"2022-11-30T14:42:44","date_gmt":"2022-11-30T13:42:44","guid":{"rendered":"https:\/\/polyrotogroup.com\/novdemo\/?post_type=product&#038;p=2794"},"modified":"2023-02-27T16:49:52","modified_gmt":"2023-02-27T15:49:52","slug":"shoreline","status":"publish","type":"product","link":"https:\/\/polyrotogroup.com\/en\/product\/shoreline\/","title":{"rendered":"Shoreline"},"content":{"rendered":"<p>Un kayak rapide , stable et facile \u00e0 man\u0153uvrer, id\u00e9al pour les petits et moyens gabarits<br \/>\nIts reputation is well established.<\/p>\n<p>Colours : Red<\/p>\n<p><span class=\"acc-poly\"><strong>Standards Colours <\/strong><\/span>Red<\/p>\n<p><span class=\"acc-poly\"><strong>Other colours:<\/strong><\/span> according to quantity<\/p>\n<p><span class=\"acc-poly\"><strong>References :<\/strong><\/span><\/p>\n<ul>\n<li>NASH.ROST.P1<\/li>\n<\/ul>\n<p><strong><span class=\"acc-poly\">Dimensions, weight and Capacity :<\/span><\/strong><\/p>\n<table class=\"tabe-polyroto\" border=\"1\" width=\"545\" cellspacing=\"0\" cellpadding=\"0\">\n<tbody>\n<tr>\n<td class=\"td-table-poly\">Length<br \/>\n(in m)<\/td>\n<td class=\"td-table-poly\">Width<br \/>\n(in cm)<\/td>\n<td class=\"td-table-poly\">Height<br \/>\n(in cm)<\/td>\n<td class=\"td-table-poly\">Weight<br \/>\n(en Kg)<\/td>\n<td class=\"td-table-poly\">Capacity<br \/>\n(en Kg)<\/td>\n<\/tr>\n<tr>\n<td class=\"td-table-poly\">4.80<\/td>\n<td class=\"td-table-poly\">56<\/td>\n<td class=\"td-table-poly\">37<\/td>\n<td class=\"td-table-poly\">26<\/td>\n<td class=\"td-table-poly\">80<\/td>\n<\/tr>\n<\/tbody>\n<\/table>\n<p><span class=\"acc-poly\"><strong>Optional accessories :<\/strong> <span class=\"siege-poly\">Paddle, seat, life jacket.<\/span><\/span><\/p>\n<p>&nbsp;<\/p>","protected":false},"excerpt":{"rendered":"<p><strong>R\u00e9f\u00e9rences : NASH.ROST.P1<\/strong><\/p>","protected":false},"featured_media":2795,"comment_status":"closed","ping_status":"closed","template":"","meta":{"_monsterinsights_skip_tracking":false,"_monsterinsights_sitenote_active":false,"_monsterinsights_sitenote_note":"","_monsterinsights_sitenote_category":0},"product_cat":[93,47],"product_tag":[],"class_list":{"0":"post-2794","1":"product","2":"type-product","3":"status-publish","4":"has-post-thumbnail","6":"product_cat-sit-in","7":"product_cat-nautisme","9":"first","10":"instock","11":"shipping-taxable","12":"product-type-simple"},"aioseo_notices":[],"_links":{"self":[{"href":"https:\/\/polyrotogroup.com\/en\/wp-json\/wp\/v2\/product\/2794","targetHints":{"allow":["GET"]}}],"collection":[{"href":"https:\/\/polyrotogroup.com\/en\/wp-json\/wp\/v2\/product"}],"about":[{"href":"https:\/\/polyrotogroup.com\/en\/wp-json\/wp\/v2\/types\/product"}],"replies":[{"embeddable":true,"href":"https:\/\/polyrotogroup.com\/en\/wp-json\/wp\/v2\/comments?post=2794"}],"wp:featuredmedia":[{"embeddable":true,"href":"https:\/\/polyrotogroup.com\/en\/wp-json\/wp\/v2\/media\/2795"}],"wp:attachment":[{"href":"https:\/\/polyrotogroup.com\/en\/wp-json\/wp\/v2\/media?parent=2794"}],"wp:term":[{"taxonomy":"product_cat","embeddable":true,"href":"https:\/\/polyrotogroup.com\/en\/wp-json\/wp\/v2\/product_cat?post=2794"},{"taxonomy":"product_tag","embeddable":true,"href":"https:\/\/polyrotogroup.com\/en\/wp-json\/wp\/v2\/product_tag?post=2794"}],"curies":[{"name":"wp","href":"https:\/\/api.w.org\/{rel}","templated":true}]}}