            {"id":491,"date":"2018-11-24T12:04:53","date_gmt":"2018-11-24T11:04:53","guid":{"rendered":"http:\/\/pluginspoint.com\/dustrial\/?page_id=491"},"modified":"2022-12-07T08:57:54","modified_gmt":"2022-12-07T07:57:54","slug":"contact","status":"publish","type":"page","link":"https:\/\/polyrotogroup.com\/en\/contact\/","title":{"rendered":"Contact"},"content":{"rendered":"<div id=\"row-contact\" class=\"vc_row section-element contact-page vc_custom_1670334893359\">\n\t<div class=\"vc_col-sm-4 contact-address-left\">\n\t\t\t\n\t<div  class=\"wpb_single_image wpb_content_element vc_align_center  vc_custom_1670248083390\">\n\t\t\n\t\t<figure class=\"wpb_wrapper vc_figure\">\n\t\t\t<a href=\"https:\/\/polyrotogroup.com\/en\/product\/coffre-de-rangement-multi-usages-20l\/\" target=\"_self\" class=\"vc_single_image-wrapper   vc_box_border_grey\"><img loading=\"lazy\" decoding=\"async\" width=\"160\" height=\"23\" src=\"https:\/\/polyrotogroup.com\/wp-content\/uploads\/2022\/12\/rotomoulage-plastiques-logo-polyroto-1-1.png\" class=\"vc_single_image-img attachment-full\" alt=\"\" srcset=\"https:\/\/polyrotogroup.com\/wp-content\/uploads\/2022\/12\/rotomoulage-plastiques-logo-polyroto-1-1.png 160w, https:\/\/polyrotogroup.com\/wp-content\/uploads\/2022\/12\/rotomoulage-plastiques-logo-polyroto-1-1-150x23.png 150w\" sizes=\"auto, (max-width: 160px) 100vw, 160px\" \/><\/a>\n\t\t<\/figure>\n\t<\/div>\n  <div class=\"block contact_address\">\n    <div class=\"title\">\n      <h4><\/h4>\n      <h1><\/h1>\n    <\/div>\n\n    \n      <div class=\"media border-bottom contact-media\">\n        <span class=\"info-icon\"><i class=\"dustrial-icon fa fa-phone\"><\/i><\/span>\n        <div class=\"media-body\">\n          <h5 class=\"mt-0 mb-0\">Phone <\/h5>\n                      <a href=\"tel: ( 33) (0) 4 42 32 01 32\"> (+33) (0) 4 42 32 01 32<\/a>\n                  <\/div>\n      <\/div>\n    \n      <div class=\"media border-bottom contact-media\">\n        <span class=\"info-icon\"><i class=\"dustrial-icon fa fa-fax\"><\/i><\/span>\n        <div class=\"media-body\">\n          <h5 class=\"mt-0 mb-0\">Fax<\/h5>\n                      <a href=\"tel: ( 33) (0) 4 42 32 82 87\"> (+33) (0) 4 42 32 82 87<\/a>\n                  <\/div>\n      <\/div>\n    \n      <div class=\"media border-bottom contact-media\">\n        <span class=\"info-icon\"><i class=\"dustrial-icon fa fa-envelope\"><\/i><\/span>\n        <div class=\"media-body\">\n          <h5 class=\"mt-0 mb-0\">E-mail<\/h5>\n                    <a href=\"mailto:commercial@polyroto.fr\">commercial@polyroto.fr<\/a>\n                  <\/div>\n      <\/div>\n    \n      <div class=\"media border-bottom contact-media\">\n        <span class=\"info-icon\"><i class=\"dustrial-icon fa fa-map-marker\"><\/i><\/span>\n        <div class=\"media-body\">\n          <h5 class=\"mt-0 mb-0\">Address<\/h5>\n          Activity park Plain of Jouques 410 Avenue Garlaban, B.P 151, 13881 G\u00e9menos Cedex, France        <\/div>\n      <\/div>\n        <div class=\"contact-social-info\">\n          <\/div>\n    \n  <\/div>\n\n  \n\t<\/div> \n\n\t<div class=\"vc_col-sm-8 contact-page-form\">\n\t\t\t<div class=\"wpb_gmaps_widget wpb_content_element vc_custom_1670248164073\"><div class=\"wpb_wrapper\"><div class=\"wpb_map_wraper\"><iframe loading=\"lazy\" src=\"https:\/\/www.google.com\/maps\/embed?pb=!1m14!1m8!1m3!1d11617.9885926633!2d5.6127272!3d43.2829095!3m2!1i1024!2i768!4f13.1!3m3!1m2!1s0x0%3A0x2ed89f598e22b930!2sLa%20Polyvalence%20Et%20Le%20Rotomoulage!5e0!3m2!1sfr!2stn!4v1596809118640!5m2!1sfr!2stn\" width=\"600\" height=\"450\" frameborder=\"0\" style=\"border:0;\" allowfullscreen=\"\" aria-hidden=\"false\" tabindex=\"0\"><\/iframe><\/div><\/div><\/div>\n\t<\/div> \n<\/div><div id=\"row-contact-2\" class=\"vc_row section-element contact-page vc_custom_1670334879200\">\n\t<div class=\"vc_col-sm-4 contact-address-left\">\n\t\t\t\n\t<div  class=\"wpb_single_image wpb_content_element vc_align_center  vc_custom_1670254207658\">\n\t\t\n\t\t<figure class=\"wpb_wrapper vc_figure\">\n\t\t\t<a href=\"https:\/\/polyrotogroup.com\/en\/product\/coffre-de-rangement-multi-usages-20l\/\" target=\"_self\" class=\"vc_single_image-wrapper   vc_box_border_grey\"><img loading=\"lazy\" decoding=\"async\" width=\"47\" height=\"22\" src=\"https:\/\/polyrotogroup.com\/wp-content\/uploads\/2022\/12\/rotomoulage-plastiques-logo-rpi-kayak-polyroto-group-1-1.png\" class=\"vc_single_image-img attachment-full\" alt=\"\" \/><\/a>\n\t\t<\/figure>\n\t<\/div>\n  <div class=\"block contact_address\">\n    <div class=\"title\">\n      <h4>ROTO PROCESS INTERNATIONAL<\/h4>\n      <h1><\/h1>\n    <\/div>\n\n    \n      <div class=\"media border-bottom contact-media\">\n        <span class=\"info-icon\"><i class=\"dustrial-icon fa fa-phone\"><\/i><\/span>\n        <div class=\"media-body\">\n          <h5 class=\"mt-0 mb-0\">Phone <\/h5>\n                      <a href=\"tel: ( 216) 72 417 905\"> (+216) 72 417 905<\/a>\n                  <\/div>\n      <\/div>\n    \n      <div class=\"media border-bottom contact-media\">\n        <span class=\"info-icon\"><i class=\"dustrial-icon fa fa-fax\"><\/i><\/span>\n        <div class=\"media-body\">\n          <h5 class=\"mt-0 mb-0\">Fax<\/h5>\n                      <a href=\"tel:( 216) 72 417 575\">(+216) 72 417 575<\/a>\n                  <\/div>\n      <\/div>\n    \n      <div class=\"media border-bottom contact-media\">\n        <span class=\"info-icon\"><i class=\"dustrial-icon fa fa-envelope\"><\/i><\/span>\n        <div class=\"media-body\">\n          <h5 class=\"mt-0 mb-0\">E-mail<\/h5>\n                    <a href=\"mailto:commercial@polyroto.fr\">commercial@polyroto.fr<\/a>\n                  <\/div>\n      <\/div>\n    \n      <div class=\"media border-bottom contact-media\">\n        <span class=\"info-icon\"><i class=\"dustrial-icon fa fa-map-marker\"><\/i><\/span>\n        <div class=\"media-body\">\n          <h5 class=\"mt-0 mb-0\">Address<\/h5>\n          Bizerte Free Zone BP N \u00b0 20, 7000 Bizerte        <\/div>\n      <\/div>\n        <div class=\"contact-social-info\">\n          <\/div>\n    \n  <\/div>\n\n  \n\t<\/div> \n\n\t<div class=\"vc_col-sm-8 contact-page-form\">\n\t\t\t<div class=\"wpb_gmaps_widget wpb_content_element vc_custom_1670254239844\"><div class=\"wpb_wrapper\"><div class=\"wpb_map_wraper\"><iframe loading=\"lazy\" src=\"https:\/\/www.google.com\/maps\/embed?pb=!1m18!1m12!1m3!1d3175.208005509161!2d9.858780715642139!3d37.266494349011246!2m3!1f0!2f0!3f0!3m2!1i1024!2i768!4f13.1!3m3!1m2!1s0x12e31faba6aaff01%3A0x183023150e6f4403!2sParc%20d&#39;Activit%C3%A9s%20Economiques%20de%20Bizerte!5e0!3m2!1sfr!2stn!4v1600760796740!5m2!1sfr!2stn\" width=\"600\" height=\"450\" frameborder=\"0\" style=\"border:0;\" allowfullscreen=\"\" aria-hidden=\"false\" tabindex=\"0\"><\/iframe><\/div><\/div><\/div>\n\t<\/div> \n<\/div><div data-vc-full-width=\"true\" data-vc-full-width-init=\"false\" data-vc-stretch-content=\"true\" class=\"vc_row section-element vc_row-no-padding\">\n\t<div class=\"vc_col-sm-12\">\n\t\t\t<div class=\"vc_separator wpb_content_element vc_separator_align_center vc_sep_width_80 vc_sep_dotted vc_sep_pos_align_center vc_separator_no_text vc_sep_color_grey vc_custom_1670334971222  vc_custom_1670334971222\" ><span class=\"vc_sep_holder vc_sep_holder_l\"><span  class=\"vc_sep_line\"><\/span><\/span><span class=\"vc_sep_holder vc_sep_holder_r\"><span  class=\"vc_sep_line\"><\/span><\/span>\n<\/div>\n\t<\/div> \n<\/div><div class=\"vc_row-full-width\"><\/div><div data-vc-full-width=\"true\" data-vc-full-width-init=\"false\" data-vc-stretch-content=\"true\" class=\"vc_row section-element vc_custom_1670336490289 vc_row-no-padding\">\n\t<div class=\"vc_col-sm-3\">\n\t\t\t\n\t<\/div> \n\n\t<div class=\"vc_col-sm-6\">\n\t\t\t\n\t<\/div> \n\n\t<div class=\"vc_col-sm-3\">\n\t\t\t\n\t<\/div> \n<\/div><div class=\"vc_row-full-width\"><\/div><div class=\"vc_row section-element\">\n\t<div class=\"vc_col-sm-1\/5\">\n\t\t\t\n\t<div  class=\"wpb_single_image wpb_content_element vc_align_center\">\n\t\t\n\t\t<figure class=\"wpb_wrapper vc_figure\">\n\t\t\t<a href=\"https:\/\/polyrotogroup.com\/en\/product-category\/industrie\/transport\/coffre\/\" target=\"_self\" class=\"vc_single_image-wrapper   vc_box_border_grey\"><img loading=\"lazy\" decoding=\"async\" width=\"164\" height=\"54\" src=\"https:\/\/polyrotogroup.com\/wp-content\/uploads\/2022\/12\/logo-rotocof-rotomoulage-polyroto-group-1.png\" class=\"vc_single_image-img attachment-full\" alt=\"\" \/><\/a>\n\t\t<\/figure>\n\t<\/div>\n\n\t<\/div> \n\n\t<div class=\"vc_col-sm-1\/5\">\n\t\t\t\n\t<div  class=\"wpb_single_image wpb_content_element vc_align_center\">\n\t\t\n\t\t<figure class=\"wpb_wrapper vc_figure\">\n\t\t\t<a href=\"https:\/\/polyrotogroup.com\/en\/product-category\/eau-environnement\/microstation\/\" target=\"_self\" class=\"vc_single_image-wrapper   vc_box_border_grey\"><img loading=\"lazy\" decoding=\"async\" width=\"162\" height=\"54\" src=\"https:\/\/polyrotogroup.com\/wp-content\/uploads\/2022\/12\/logo-epuralia-rotomoulage-polyroto-group-2.png\" class=\"vc_single_image-img attachment-full\" alt=\"\" \/><\/a>\n\t\t<\/figure>\n\t<\/div>\n\n\t<\/div> \n\n\t<div class=\"vc_col-sm-1\/5\">\n\t\t\t\n\t<div  class=\"wpb_single_image wpb_content_element vc_align_center\">\n\t\t\n\t\t<figure class=\"wpb_wrapper vc_figure\">\n\t\t\t<a href=\"https:\/\/polyrotogroup.com\/en\/product-category\/eau-environnement\/recuperateur-eau-de-pluie\/\" target=\"_self\" class=\"vc_single_image-wrapper   vc_box_border_grey\"><img loading=\"lazy\" decoding=\"async\" width=\"182\" height=\"54\" src=\"https:\/\/polyrotogroup.com\/wp-content\/uploads\/2022\/12\/logo-recupluie-rotomoulage-polyroto-group-2.png\" class=\"vc_single_image-img attachment-full\" alt=\"\" \/><\/a>\n\t\t<\/figure>\n\t<\/div>\n\n\t<\/div> \n\n\t<div class=\"vc_col-sm-1\/5\">\n\t\t\t\n\t<div  class=\"wpb_single_image wpb_content_element vc_align_center\">\n\t\t\n\t\t<figure class=\"wpb_wrapper vc_figure\">\n\t\t\t<a href=\"https:\/\/polyrotogroup.com\/en\/product-category\/industrie\/mobilier-urbain\/velobloc\/\" target=\"_self\" class=\"vc_single_image-wrapper   vc_box_border_grey\"><img loading=\"lazy\" decoding=\"async\" width=\"177\" height=\"54\" src=\"https:\/\/polyrotogroup.com\/wp-content\/uploads\/2022\/12\/logo-velobloc-rotomoulage-polyroto-group-2.png\" class=\"vc_single_image-img attachment-full\" alt=\"\" \/><\/a>\n\t\t<\/figure>\n\t<\/div>\n\n\t<\/div> \n\n\t<div class=\"vc_col-sm-1\/5\">\n\t\t\t\n\t<div  class=\"wpb_single_image wpb_content_element vc_align_center\">\n\t\t\n\t\t<figure class=\"wpb_wrapper vc_figure\">\n\t\t\t<a href=\"https:\/\/polyrotogroup.com\/en\/nautisme\/\" target=\"_self\" class=\"vc_single_image-wrapper   vc_box_border_grey\"><img loading=\"lazy\" decoding=\"async\" width=\"162\" height=\"55\" src=\"https:\/\/polyrotogroup.com\/wp-content\/uploads\/2022\/12\/RPI-Kayak-rotomoulage-polyroto-group-2.png\" class=\"vc_single_image-img attachment-full\" alt=\"\" \/><\/a>\n\t\t<\/figure>\n\t<\/div>\n\n\t<\/div> \n<\/div><div class=\"vc_row section-element vc_custom_1670399864795\">\n\t<div class=\"vc_col-sm-12\">\n\t\t\t\n\t<\/div> \n<\/div>","protected":false},"excerpt":{"rendered":"T\u00e9l (+33) (0) 4 42 32 01 32 Fax (+33) (0) 4 42 32 82 87 E-mail commercial@polyroto.fr Adresse Parc d&#039;activit\u00e9s Plaine de Jouques 410 Avenue Garlaban, B.P 151, 13881 G\u00e9menos Cedex, France ROTO PROCESS INTERNATIONAL T\u00e9l (+216) 72 417 905 Fax (+216) 72 417 575 E-mail commercial@polyroto.fr Adresse Zone Franche de Bizerte BP N\u00b020, [...]","protected":false},"author":1,"featured_media":0,"parent":0,"menu_order":0,"comment_status":"closed","ping_status":"closed","template":"page-template\/blank-page-sidebar.php","meta":{"_monsterinsights_skip_tracking":false,"_monsterinsights_sitenote_active":false,"_monsterinsights_sitenote_note":"","_monsterinsights_sitenote_category":0,"footnotes":""},"class_list":["post-491","page","type-page","status-publish","hentry"],"aioseo_notices":[],"_links":{"self":[{"href":"https:\/\/polyrotogroup.com\/en\/wp-json\/wp\/v2\/pages\/491","targetHints":{"allow":["GET"]}}],"collection":[{"href":"https:\/\/polyrotogroup.com\/en\/wp-json\/wp\/v2\/pages"}],"about":[{"href":"https:\/\/polyrotogroup.com\/en\/wp-json\/wp\/v2\/types\/page"}],"author":[{"embeddable":true,"href":"https:\/\/polyrotogroup.com\/en\/wp-json\/wp\/v2\/users\/1"}],"replies":[{"embeddable":true,"href":"https:\/\/polyrotogroup.com\/en\/wp-json\/wp\/v2\/comments?post=491"}],"version-history":[{"count":13,"href":"https:\/\/polyrotogroup.com\/en\/wp-json\/wp\/v2\/pages\/491\/revisions"}],"predecessor-version":[{"id":3453,"href":"https:\/\/polyrotogroup.com\/en\/wp-json\/wp\/v2\/pages\/491\/revisions\/3453"}],"wp:attachment":[{"href":"https:\/\/polyrotogroup.com\/en\/wp-json\/wp\/v2\/media?parent=491"}],"curies":[{"name":"wp","href":"https:\/\/api.w.org\/{rel}","templated":true}]}}