{"id":3151,"date":"2022-12-05T09:09:01","date_gmt":"2022-12-05T08:09:01","guid":{"rendered":"https:\/\/polyrotogroup.com\/novdemo\/?page_id=3151"},"modified":"2022-12-05T10:46:23","modified_gmt":"2022-12-05T09:46:23","slug":"groupe","status":"publish","type":"page","link":"https:\/\/polyrotogroup.com\/en\/groupe\/","title":{"rendered":"Groupe"},"content":{"rendered":"<div id=\"blockgroupe\" class=\"vc_row section-element\">\n\t<div class=\"vc_col-sm-6\">\n\t\t\t\n    <div class=\"dustrial-stitle-69d000c0a9289 section-title  wow fadeIn\">\n      <div class=\"section-thumb\"><img decoding=\"async\" src=\"https:\/\/polyrotogroup.com\/wp-content\/uploads\/2022\/12\/title-icon-1-2-3.png\" alt=\"title icon\"><\/div>\n      <div class=\"section-body\">\n        <h6 class=\"sub-title activeColor\"><\/h6>\n        <h3 class=\"m-0 main-title\">Polyroto Group<\/h3>\n      <\/div>\n    <\/div>\n\n  \n\t<div class=\"wpb_text_column wpb_content_element\">\n\t\t\t<h1 class=\"titr-group-poly\"><span class=\"gras\">POLYROTO GROUP <\/span>has a know-how  :<\/h1>\n<div class=\"technical-solutions\">\n<ul>\n<li>Creation, design and manufacture of its own products and those requested by subcontracting partners.<\/li>\n<li>Manufacture and development of moulds.<\/li>\n<li>Production of single, double and triple layer polyethylene parts or rotationally foamed parts<\/li>\n<\/ul>\n<\/div>\n\n\t<\/div> \n\t<\/div> \n\n\t<div class=\"vc_col-sm-6\">\n\t\t\t\n\t<div  class=\"wpb_single_image wpb_content_element vc_align_center  wpb_animate_when_almost_visible wpb_fadeIn fadeIn vc_custom_1670233435200\">\n\t\t\n\t\t<figure class=\"wpb_wrapper vc_figure\">\n\t\t\t<div class=\"vc_single_image-wrapper   vc_box_border_grey\"><img loading=\"lazy\" decoding=\"async\" width=\"540\" height=\"455\" src=\"https:\/\/polyrotogroup.com\/wp-content\/uploads\/2022\/12\/presentation-rotomoulage-polyroto-group-1.jpg\" class=\"vc_single_image-img attachment-full\" alt=\"\" srcset=\"https:\/\/polyrotogroup.com\/wp-content\/uploads\/2022\/12\/presentation-rotomoulage-polyroto-group-1.jpg 540w, https:\/\/polyrotogroup.com\/wp-content\/uploads\/2022\/12\/presentation-rotomoulage-polyroto-group-1-300x253.jpg 300w\" sizes=\"auto, (max-width: 540px) 100vw, 540px\" \/><\/div>\n\t\t<\/figure>\n\t<\/div>\n\n\t<\/div> \n<\/div>","protected":false},"excerpt":{"rendered":"Polyroto Group POLYROTO GROUP dispose d'un savoir-faire : Cr\u00e9ation, conception et fabrication de ses produits et ceux demand\u00e9s par des partenaires en sous-traitance. Fabrication et mise au point des moules. Production de pi\u00e8ces en poly\u00e9thyl\u00e8ne monocouche, bicouche et tricouche ou mouss\u00e9s par rotation.","protected":false},"author":1,"featured_media":0,"parent":0,"menu_order":0,"comment_status":"closed","ping_status":"closed","template":"","meta":{"_monsterinsights_skip_tracking":false,"_monsterinsights_sitenote_active":false,"_monsterinsights_sitenote_note":"","_monsterinsights_sitenote_category":0,"footnotes":""},"class_list":["post-3151","page","type-page","status-publish","hentry"],"aioseo_notices":[],"_links":{"self":[{"href":"https:\/\/polyrotogroup.com\/en\/wp-json\/wp\/v2\/pages\/3151","targetHints":{"allow":["GET"]}}],"collection":[{"href":"https:\/\/polyrotogroup.com\/en\/wp-json\/wp\/v2\/pages"}],"about":[{"href":"https:\/\/polyrotogroup.com\/en\/wp-json\/wp\/v2\/types\/page"}],"author":[{"embeddable":true,"href":"https:\/\/polyrotogroup.com\/en\/wp-json\/wp\/v2\/users\/1"}],"replies":[{"embeddable":true,"href":"https:\/\/polyrotogroup.com\/en\/wp-json\/wp\/v2\/comments?post=3151"}],"version-history":[{"count":5,"href":"https:\/\/polyrotogroup.com\/en\/wp-json\/wp\/v2\/pages\/3151\/revisions"}],"predecessor-version":[{"id":3162,"href":"https:\/\/polyrotogroup.com\/en\/wp-json\/wp\/v2\/pages\/3151\/revisions\/3162"}],"wp:attachment":[{"href":"https:\/\/polyrotogroup.com\/en\/wp-json\/wp\/v2\/media?parent=3151"}],"curies":[{"name":"wp","href":"https:\/\/api.w.org\/{rel}","templated":true}]}}